{"id":732,"date":"2018-06-27T09:57:16","date_gmt":"2018-06-27T09:57:16","guid":{"rendered":"https:\/\/sweetman-events.com\/appartement-de-prestige-paris\/?page_id=732"},"modified":"2022-04-05T10:27:09","modified_gmt":"2022-04-05T10:27:09","slug":"contact","status":"publish","type":"page","link":"https:\/\/lelofttriangledor.com\/appartement-de-prestige-paris\/contact\/","title":{"rendered":"Contact"},"content":{"rendered":"\n<style type=\"text\/css\" data-created_by=\"avia_inline_auto\" id=\"style-css-av-8u6y8-0e8288868198285529a6a930ff4d4765\">\n.avia-section.av-8u6y8-0e8288868198285529a6a930ff4d4765 .av-parallax .av-parallax-inner{\nbackground-repeat:no-repeat;\nbackground-image:url(https:\/\/lelofttriangledor.com\/wp-content\/uploads\/2018\/06\/arc-2874511_1920.jpg);\nbackground-position:50% 100%;\nbackground-attachment:scroll;\n}\n.avia-section.av-8u6y8-0e8288868198285529a6a930ff4d4765 .av-section-color-overlay{\nopacity:0.5;\nbackground-color:#000000;\n}\n<\/style>\n<div id='av_section_1'  class='avia-section av-8u6y8-0e8288868198285529a6a930ff4d4765 main_color avia-section-default avia-no-shadow  avia-builder-el-0  el_before_av_section  avia-builder-el-first  avia-full-stretch av-parallax-section avia-bg-style-parallax av-section-color-overlay-active av-minimum-height av-minimum-height-75 av-height-75  container_wrap fullsize'  data-section-bg-repeat='stretch' data-av_minimum_height_pc='75' data-av_min_height_opt='75'><div class='av-parallax' data-avia-parallax-ratio='0.3' ><div class='av-parallax-inner main_color avia-full-stretch'><\/div><\/div><div class=\"av-section-color-overlay-wrap\"><div class=\"av-section-color-overlay\"><\/div><div class='container av-section-cont-open' ><main  role=\"main\" itemprop=\"mainContentOfPage\"  class='template-page content  av-content-full alpha units'><div class='post-entry post-entry-type-page post-entry-732'><div class='entry-content-wrapper clearfix'>\n\n<style type=\"text\/css\" data-created_by=\"avia_inline_auto\" id=\"style-css-av-jiwy494m-3bd3233807dd0a086f28ca6ba8f9875c\">\n#top .av-special-heading.av-jiwy494m-3bd3233807dd0a086f28ca6ba8f9875c{\npadding-bottom:10px;\ncolor:#ffffff;\n}\nbody .av-special-heading.av-jiwy494m-3bd3233807dd0a086f28ca6ba8f9875c .av-special-heading-tag .heading-char{\nfont-size:25px;\n}\n.av-special-heading.av-jiwy494m-3bd3233807dd0a086f28ca6ba8f9875c .special-heading-inner-border{\nborder-color:#ffffff;\n}\n.av-special-heading.av-jiwy494m-3bd3233807dd0a086f28ca6ba8f9875c .av-subheading{\nfont-size:15px;\n}\n<\/style>\n<div  class='av-special-heading av-jiwy494m-3bd3233807dd0a086f28ca6ba8f9875c av-special-heading-h1 custom-color-heading blockquote modern-quote  avia-builder-el-1  el_before_av_heading  avia-builder-el-first '><div class='av_custom_color av-subheading av-subheading_above'><p>Notre concierge est \u00e0 votre disposition<\/p>\n<\/div><h1 class='av-special-heading-tag '  itemprop=\"headline\"  >Merci de nous contacter pour tout renseignement <\/h1><div class=\"special-heading-border\"><div class=\"special-heading-inner-border\"><\/div><\/div><\/div>\n\n<style type=\"text\/css\" data-created_by=\"avia_inline_auto\" id=\"style-css-av-pl38-8f99b25a1d75f40b353716e333e26898\">\n#top .av-special-heading.av-pl38-8f99b25a1d75f40b353716e333e26898{\npadding-bottom:10px;\ncolor:#ffffff;\n}\nbody .av-special-heading.av-pl38-8f99b25a1d75f40b353716e333e26898 .av-special-heading-tag .heading-char{\nfont-size:25px;\n}\n.av-special-heading.av-pl38-8f99b25a1d75f40b353716e333e26898 .special-heading-inner-border{\nborder-color:#ffffff;\n}\n.av-special-heading.av-pl38-8f99b25a1d75f40b353716e333e26898 .av-subheading{\nfont-size:15px;\n}\n<\/style>\n<div  class='av-special-heading av-pl38-8f99b25a1d75f40b353716e333e26898 av-special-heading-h3 custom-color-heading blockquote modern-quote  avia-builder-el-2  el_after_av_heading  avia-builder-el-last '><h3 class='av-special-heading-tag '  itemprop=\"headline\"  >Conf\u00e9rence, Shooting, Cocktail, r\u00e9union d\u2019affaire ou soir\u00e9e priv\u00e9e, cet appartement design et spacieux \u00e0 quelques pas des Champs Elys\u00e9es saura vous s\u00e9duire. <\/h3><div class=\"special-heading-border\"><div class=\"special-heading-inner-border\"><\/div><\/div><\/div>\n\n<\/div><\/div><\/main><!-- close content main element --><\/div><\/div><\/div>\n<style type=\"text\/css\" data-created_by=\"avia_inline_auto\" id=\"style-css-av-6widw-397baa190f6e170a7d2879fa9734ca7c\">\n.avia-section.av-6widw-397baa190f6e170a7d2879fa9734ca7c{\nbackground-color:#522d58;\nbackground-image:unset;\n}\n<\/style>\n<div id='av_section_2'  class='avia-section av-6widw-397baa190f6e170a7d2879fa9734ca7c main_color avia-section-default avia-no-shadow  avia-builder-el-3  el_after_av_section  el_before_av_section  avia-bg-style-parallax av-minimum-height av-minimum-height-custom av-height-custom  container_wrap fullsize'   data-av_minimum_height_px='220'><div class='container av-section-cont-open' style='height:220px'><div class='template-page content  av-content-full alpha units'><div class='post-entry post-entry-type-page post-entry-732'><div class='entry-content-wrapper clearfix'>\n\n<style type=\"text\/css\" data-created_by=\"avia_inline_auto\" id=\"style-css-av-1wgc-c6eb6136323775afed3a8fa677515ad8\">\n.flex_column.av-1wgc-c6eb6136323775afed3a8fa677515ad8{\nborder-radius:0px 0px 0px 0px;\npadding:0px 0px 0px 0px;\n}\n<\/style>\n<div  class='flex_column av-1wgc-c6eb6136323775afed3a8fa677515ad8 av_one_half  avia-builder-el-4  el_before_av_one_half  avia-builder-el-first  first flex_column_div av-zero-column-padding  '     ><p>\n<style type=\"text\/css\" data-created_by=\"avia_inline_auto\" id=\"style-css-av-a4o8-c5b3105bff3f0f907911816a74d34467\">\n.av_font_icon.av-a4o8-c5b3105bff3f0f907911816a74d34467{\ncolor:#ffffff;\nborder-color:#ffffff;\n}\n.avia-svg-icon.av-a4o8-c5b3105bff3f0f907911816a74d34467 svg:first-child{\nstroke:#ffffff;\nfill:#ffffff;\n}\n.av_font_icon.av-a4o8-c5b3105bff3f0f907911816a74d34467 .av-icon-char{\nfont-size:40px;\nline-height:40px;\n}\n<\/style>\n<span  class='av_font_icon av-a4o8-c5b3105bff3f0f907911816a74d34467 avia_animate_when_visible av-icon-style- avia-icon-pos-center avia-iconfont avia-font-entypo-fontello avia-icon-animate'><span class='av-icon-char' data-av_icon='\ue854' data-av_iconfont='entypo-fontello' aria-hidden=\"true\" ><\/span><\/span><br \/>\n<section  class='av_textblock_section av-3zps0-e932698c64713b16e53cdd3d64c3e1d0 '   itemscope=\"itemscope\" itemtype=\"https:\/\/schema.org\/CreativeWork\" ><div class='avia_textblock'  itemprop=\"text\" ><h2 style=\"text-align: center;\"><span style=\"color: #ffffff;\"><a style=\"color: #ffffff;\" href=\"tel:\/\/+33619701759\">Contactez-nous au <span style=\"color: #ffffff;\">0033619701759<\/span><\/a><\/span><\/h2>\n<\/div><\/section><\/p><\/div>\n<style type=\"text\/css\" data-created_by=\"avia_inline_auto\" id=\"style-css-av-32pl0-c30cf264af81215648a56ed2f58e61db\">\n.flex_column.av-32pl0-c30cf264af81215648a56ed2f58e61db{\nborder-radius:0px 0px 0px 0px;\npadding:0px 0px 0px 0px;\n}\n<\/style>\n<div  class='flex_column av-32pl0-c30cf264af81215648a56ed2f58e61db av_one_half  avia-builder-el-7  el_after_av_one_half  avia-builder-el-last  flex_column_div av-zero-column-padding  '     ><p>\n<style type=\"text\/css\" data-created_by=\"avia_inline_auto\" id=\"style-css-av-4or38-2556a5d056fb176e9fd1bc62c59455ff\">\n.av_font_icon.av-4or38-2556a5d056fb176e9fd1bc62c59455ff{\ncolor:#ffffff;\nborder-color:#ffffff;\n}\n.avia-svg-icon.av-4or38-2556a5d056fb176e9fd1bc62c59455ff svg:first-child{\nstroke:#ffffff;\nfill:#ffffff;\n}\n.av_font_icon.av-4or38-2556a5d056fb176e9fd1bc62c59455ff .av-icon-char{\nfont-size:40px;\nline-height:40px;\n}\n<\/style>\n<span  class='av_font_icon av-4or38-2556a5d056fb176e9fd1bc62c59455ff avia_animate_when_visible av-icon-style- avia-icon-pos-center avia-iconfont avia-font-entypo-fontello avia-icon-animate'><a href='#reservation'   class='av-icon-char' data-av_icon='\ue82f' data-av_iconfont='entypo-fontello' aria-hidden=\"false\" ><\/a><\/span><br \/>\n<section  class='av_textblock_section av-1zpkk-9cada16d6c06c32f39476e1b6876b578 '   itemscope=\"itemscope\" itemtype=\"https:\/\/schema.org\/CreativeWork\" ><div class='avia_textblock'  itemprop=\"text\" ><h2 style=\"text-align: center;\"><span style=\"color: #ffffff;\"><a style=\"color: #ffffff;\" href=\"mailto:laurent.bellaiche75@gmail.com\">Nous envoyer un mail<\/a><\/span><\/h2>\n<\/div><\/section><\/p><\/div><\/div><\/div><\/div><!-- close content main div --><\/div><\/div><div id='reservation'  class='avia-section av-1k6b8-3ff6c288f6998411d9a538e29f1fb8e0 main_color avia-section-default avia-no-shadow  avia-builder-el-10  el_after_av_section  avia-builder-el-last  avia-bg-style-scroll container_wrap fullsize'  ><div class='container av-section-cont-open' ><div class='template-page content  av-content-full alpha units'><div class='post-entry post-entry-type-page post-entry-732'><div class='entry-content-wrapper clearfix'>\n\n<\/p>\n","protected":false},"excerpt":{"rendered":"","protected":false},"author":1,"featured_media":0,"parent":0,"menu_order":0,"comment_status":"open","ping_status":"closed","template":"","meta":{"footnotes":""},"class_list":["post-732","page","type-page","status-publish","hentry"],"yoast_head":"<!-- This site is optimized with the Yoast SEO plugin v24.2 - https:\/\/yoast.com\/wordpress\/plugins\/seo\/ -->\n<title>Reservation de l&#039;appartement - Sweetman Events<\/title>\n<meta name=\"description\" content=\"Reservation de l&#039;appartement pour Showroom, shooting, conf\u00e9rence, cocktail et r\u00e9union d&#039;affaire. Paris Champs Elys\u00e9es.\" \/>\n<meta name=\"robots\" content=\"index, follow, max-snippet:-1, max-image-preview:large, max-video-preview:-1\" \/>\n<link rel=\"canonical\" href=\"https:\/\/lelofttriangledor.com\/appartement-de-prestige-paris\/contact\/\" \/>\n<meta property=\"og:locale\" content=\"fr_FR\" \/>\n<meta property=\"og:type\" content=\"article\" \/>\n<meta property=\"og:title\" content=\"Reservation de l&#039;appartement - Sweetman Events\" \/>\n<meta property=\"og:description\" content=\"Reservation de l&#039;appartement pour Showroom, shooting, conf\u00e9rence, cocktail et r\u00e9union d&#039;affaire. Paris Champs Elys\u00e9es.\" \/>\n<meta property=\"og:url\" content=\"https:\/\/lelofttriangledor.com\/appartement-de-prestige-paris\/contact\/\" \/>\n<meta property=\"og:site_name\" content=\"Loft Triangle d&#039;Or - Location d&#039;un lieux d&#039;exception\" \/>\n<meta property=\"article:modified_time\" content=\"2022-04-05T10:27:09+00:00\" \/>\n<meta name=\"twitter:label1\" content=\"Dur\u00e9e de lecture estim\u00e9e\" \/>\n\t<meta name=\"twitter:data1\" content=\"3 minutes\" \/>\n<script type=\"application\/ld+json\" class=\"yoast-schema-graph\">{\"@context\":\"https:\/\/schema.org\",\"@graph\":[{\"@type\":\"WebPage\",\"@id\":\"https:\/\/lelofttriangledor.com\/appartement-de-prestige-paris\/contact\/\",\"url\":\"https:\/\/lelofttriangledor.com\/appartement-de-prestige-paris\/contact\/\",\"name\":\"Reservation de l'appartement - Sweetman Events\",\"isPartOf\":{\"@id\":\"https:\/\/lelofttriangledor.com\/appartement-de-prestige-paris\/#website\"},\"datePublished\":\"2018-06-27T09:57:16+00:00\",\"dateModified\":\"2022-04-05T10:27:09+00:00\",\"description\":\"Reservation de l'appartement pour Showroom, shooting, conf\u00e9rence, cocktail et r\u00e9union d'affaire. Paris Champs Elys\u00e9es.\",\"breadcrumb\":{\"@id\":\"https:\/\/lelofttriangledor.com\/appartement-de-prestige-paris\/contact\/#breadcrumb\"},\"inLanguage\":\"fr-FR\",\"potentialAction\":[{\"@type\":\"ReadAction\",\"target\":[\"https:\/\/lelofttriangledor.com\/appartement-de-prestige-paris\/contact\/\"]}]},{\"@type\":\"BreadcrumbList\",\"@id\":\"https:\/\/lelofttriangledor.com\/appartement-de-prestige-paris\/contact\/#breadcrumb\",\"itemListElement\":[{\"@type\":\"ListItem\",\"position\":1,\"name\":\"Accueil\",\"item\":\"https:\/\/lelofttriangledor.com\/appartement-de-prestige-paris\/\"},{\"@type\":\"ListItem\",\"position\":2,\"name\":\"Contact\"}]},{\"@type\":\"WebSite\",\"@id\":\"https:\/\/lelofttriangledor.com\/appartement-de-prestige-paris\/#website\",\"url\":\"https:\/\/lelofttriangledor.com\/appartement-de-prestige-paris\/\",\"name\":\"Loft Triangle d&#039;Or - Location d&#039;un lieux d&#039;exception\",\"description\":\"Loft Triangle d&#039;Or -  Location Loft pour vos r\u00e9unions d&#039;affaires &amp; conf\u00e9rences\",\"potentialAction\":[{\"@type\":\"SearchAction\",\"target\":{\"@type\":\"EntryPoint\",\"urlTemplate\":\"https:\/\/lelofttriangledor.com\/appartement-de-prestige-paris\/?s={search_term_string}\"},\"query-input\":{\"@type\":\"PropertyValueSpecification\",\"valueRequired\":true,\"valueName\":\"search_term_string\"}}],\"inLanguage\":\"fr-FR\"}]}<\/script>\n<!-- \/ Yoast SEO plugin. -->","yoast_head_json":{"title":"Reservation de l'appartement - Sweetman Events","description":"Reservation de l'appartement pour Showroom, shooting, conf\u00e9rence, cocktail et r\u00e9union d'affaire. Paris Champs Elys\u00e9es.","robots":{"index":"index","follow":"follow","max-snippet":"max-snippet:-1","max-image-preview":"max-image-preview:large","max-video-preview":"max-video-preview:-1"},"canonical":"https:\/\/lelofttriangledor.com\/appartement-de-prestige-paris\/contact\/","og_locale":"fr_FR","og_type":"article","og_title":"Reservation de l'appartement - Sweetman Events","og_description":"Reservation de l'appartement pour Showroom, shooting, conf\u00e9rence, cocktail et r\u00e9union d'affaire. Paris Champs Elys\u00e9es.","og_url":"https:\/\/lelofttriangledor.com\/appartement-de-prestige-paris\/contact\/","og_site_name":"Loft Triangle d&#039;Or - Location d&#039;un lieux d&#039;exception","article_modified_time":"2022-04-05T10:27:09+00:00","twitter_misc":{"Dur\u00e9e de lecture estim\u00e9e":"3 minutes"},"schema":{"@context":"https:\/\/schema.org","@graph":[{"@type":"WebPage","@id":"https:\/\/lelofttriangledor.com\/appartement-de-prestige-paris\/contact\/","url":"https:\/\/lelofttriangledor.com\/appartement-de-prestige-paris\/contact\/","name":"Reservation de l'appartement - Sweetman Events","isPartOf":{"@id":"https:\/\/lelofttriangledor.com\/appartement-de-prestige-paris\/#website"},"datePublished":"2018-06-27T09:57:16+00:00","dateModified":"2022-04-05T10:27:09+00:00","description":"Reservation de l'appartement pour Showroom, shooting, conf\u00e9rence, cocktail et r\u00e9union d'affaire. Paris Champs Elys\u00e9es.","breadcrumb":{"@id":"https:\/\/lelofttriangledor.com\/appartement-de-prestige-paris\/contact\/#breadcrumb"},"inLanguage":"fr-FR","potentialAction":[{"@type":"ReadAction","target":["https:\/\/lelofttriangledor.com\/appartement-de-prestige-paris\/contact\/"]}]},{"@type":"BreadcrumbList","@id":"https:\/\/lelofttriangledor.com\/appartement-de-prestige-paris\/contact\/#breadcrumb","itemListElement":[{"@type":"ListItem","position":1,"name":"Accueil","item":"https:\/\/lelofttriangledor.com\/appartement-de-prestige-paris\/"},{"@type":"ListItem","position":2,"name":"Contact"}]},{"@type":"WebSite","@id":"https:\/\/lelofttriangledor.com\/appartement-de-prestige-paris\/#website","url":"https:\/\/lelofttriangledor.com\/appartement-de-prestige-paris\/","name":"Loft Triangle d&#039;Or - Location d&#039;un lieux d&#039;exception","description":"Loft Triangle d&#039;Or -  Location Loft pour vos r\u00e9unions d&#039;affaires &amp; conf\u00e9rences","potentialAction":[{"@type":"SearchAction","target":{"@type":"EntryPoint","urlTemplate":"https:\/\/lelofttriangledor.com\/appartement-de-prestige-paris\/?s={search_term_string}"},"query-input":{"@type":"PropertyValueSpecification","valueRequired":true,"valueName":"search_term_string"}}],"inLanguage":"fr-FR"}]}},"_links":{"self":[{"href":"https:\/\/lelofttriangledor.com\/appartement-de-prestige-paris\/wp-json\/wp\/v2\/pages\/732","targetHints":{"allow":["GET"]}}],"collection":[{"href":"https:\/\/lelofttriangledor.com\/appartement-de-prestige-paris\/wp-json\/wp\/v2\/pages"}],"about":[{"href":"https:\/\/lelofttriangledor.com\/appartement-de-prestige-paris\/wp-json\/wp\/v2\/types\/page"}],"author":[{"embeddable":true,"href":"https:\/\/lelofttriangledor.com\/appartement-de-prestige-paris\/wp-json\/wp\/v2\/users\/1"}],"replies":[{"embeddable":true,"href":"https:\/\/lelofttriangledor.com\/appartement-de-prestige-paris\/wp-json\/wp\/v2\/comments?post=732"}],"version-history":[{"count":5,"href":"https:\/\/lelofttriangledor.com\/appartement-de-prestige-paris\/wp-json\/wp\/v2\/pages\/732\/revisions"}],"predecessor-version":[{"id":832,"href":"https:\/\/lelofttriangledor.com\/appartement-de-prestige-paris\/wp-json\/wp\/v2\/pages\/732\/revisions\/832"}],"wp:attachment":[{"href":"https:\/\/lelofttriangledor.com\/appartement-de-prestige-paris\/wp-json\/wp\/v2\/media?parent=732"}],"curies":[{"name":"wp","href":"https:\/\/api.w.org\/{rel}","templated":true}]}}